{"id":9,"date":"2026-04-20T13:45:51","date_gmt":"2026-04-20T11:45:51","guid":{"rendered":"https:\/\/gwqualitypath2070.hgi-cgs.hr\/?page_id=9"},"modified":"2026-04-21T08:54:58","modified_gmt":"2026-04-21T06:54:58","slug":"naslovna","status":"publish","type":"page","link":"https:\/\/gwqualitypath2070.hgi-cgs.hr\/","title":{"rendered":"Naslovna"},"content":{"rendered":"<p>[et_pb_section fb_built=&#8221;1&#8243; custom_padding_last_edited=&#8221;on|desktop&#8221; admin_label=&#8221;Hero Section&#8221; module_id=&#8221;dotover&#8221; _builder_version=&#8221;4.27.6&#8243; background_color=&#8221;#ffffff&#8221; background_image=&#8221;https:\/\/gwqualitypath2070.hgi-cgs.hr\/wp-content\/uploads\/2026\/04\/cover_bez-teksta-scaled.png&#8221; min_height=&#8221;500px&#8221; custom_margin=&#8221;||4px||false|false&#8221; custom_padding_tablet=&#8221;50px|0|50px|0&#8243; custom_padding_phone=&#8221;&#8221; hover_enabled=&#8221;0&#8243; custom_css_after=&#8221;content: %22%22;||background: url(&#8216;https:\/\/www.infiniteimagination.com.au\/business\/wp-content\/uploads\/2016\/09\/texture.png&#8217;) repeat;||top: 0;||left: 0;||bottom: 0;||right: 0;||position: absolute;||z-index: 1;||&#8221; transparent_background=&#8221;off&#8221; padding_mobile=&#8221;off&#8221; make_fullwidth=&#8221;off&#8221; use_custom_width=&#8221;off&#8221; width_unit=&#8221;on&#8221; collapsed=&#8221;on&#8221; global_colors_info=&#8221;{}&#8221; height=&#8221;710px&#8221; sticky_enabled=&#8221;0&#8243;][\/et_pb_section][et_pb_section fb_built=&#8221;1&#8243; _builder_version=&#8221;4.27.6&#8243; _module_preset=&#8221;default&#8221; custom_margin=&#8221;-6px|||||&#8221; global_colors_info=&#8221;{}&#8221;][et_pb_row _builder_version=&#8221;4.27.6&#8243; _module_preset=&#8221;default&#8221; global_colors_info=&#8221;{}&#8221;][et_pb_column type=&#8221;4_4&#8243; _builder_version=&#8221;4.27.6&#8243; _module_preset=&#8221;default&#8221; global_colors_info=&#8221;{}&#8221;][et_pb_image src=&#8221;https:\/\/gwqualitypath2070.hgi-cgs.hr\/wp-content\/uploads\/2026\/04\/Logo_GWQualityPath2070_veliki-format_300-scaled.png&#8221; title_text=&#8221;Logo_GWQualityPath2070_veliki format_300&#8243; _builder_version=&#8221;4.27.6&#8243; _module_preset=&#8221;default&#8221; width=&#8221;40%&#8221; module_alignment=&#8221;center&#8221; global_colors_info=&#8221;{}&#8221;][\/et_pb_image][et_pb_text _builder_version=&#8221;4.27.6&#8243; _module_preset=&#8221;default&#8221; header_2_text_color=&#8221;#444444&#8243; header_2_line_height=&#8221;1.5em&#8221; global_colors_info=&#8221;{}&#8221;]<\/p>\n<h2 style=\"text-align: center;\"><strong>GWQualityPath2070: Impact of climate change, land use and agricultural practice changes on the occurrence and fate of contaminants in the Sava transboundary aquifer (<\/strong><strong>Utjecaj klimatskih promjena, promjena kori\u0161tenja zemlji\u0161ta i poljoprivredne prakse na pojavu i sudbinu one\u010di\u0161\u0107ivala u savskom prekograni\u010dnom vodonosniku)<\/strong><\/h2>\n<p>[\/et_pb_text][\/et_pb_column][\/et_pb_row][\/et_pb_section][et_pb_section fb_built=&#8221;1&#8243; custom_padding_last_edited=&#8221;on|desktop&#8221; disabled_on=&#8221;off|off|off&#8221; admin_label=&#8221;Testimonials&#8221; _builder_version=&#8221;4.16&#8243; background_color=&#8221;#ffffff&#8221; custom_padding=&#8221;12px||113px|||&#8221; custom_padding_tablet=&#8221;50px|0|50px|0&#8243; custom_padding_phone=&#8221;&#8221; custom_css_main_element=&#8221;border-bottom: 1px solid #D7DCE1;&#8221; transparent_background=&#8221;off&#8221; padding_mobile=&#8221;off&#8221; make_fullwidth=&#8221;off&#8221; use_custom_width=&#8221;off&#8221; width_unit=&#8221;on&#8221; collapsed=&#8221;on&#8221; global_colors_info=&#8221;{}&#8221;][et_pb_row _builder_version=&#8221;4.27.5&#8243; _module_preset=&#8221;default&#8221; global_colors_info=&#8221;{}&#8221;][et_pb_column type=&#8221;4_4&#8243; _builder_version=&#8221;4.27.5&#8243; _module_preset=&#8221;default&#8221; global_colors_info=&#8221;{}&#8221;][et_pb_blurb title=&#8221;partneri&#8221; use_icon=&#8221;on&#8221; font_icon=&#8221;&#xf2b5;||fa||400&#8243; icon_color=&#8221;#0C71C3&#8243; icon_placement=&#8221;left&#8221; image_icon_width=&#8221;34&#8243; image_icon_width_tablet=&#8221;&#8221; image_icon_width_phone=&#8221;28&#8243; image_icon_width_last_edited=&#8221;on|phone&#8221; admin_label=&#8221;Blurb&#8221; _builder_version=&#8221;4.27.6&#8243; header_font=&#8221;Open Sans|||on|&#8221; header_text_color=&#8221;#494949&#8243; header_font_size=&#8221;22&#8243; header_line_height=&#8221;1.5em&#8221; body_font=&#8221;Open Sans||||&#8221; body_text_color=&#8221;#666666&#8243; body_font_size=&#8221;16&#8243; body_line_height=&#8221;1.5em&#8221; background_size=&#8221;initial&#8221; background_position=&#8221;top_left&#8221; background_repeat=&#8221;repeat&#8221; custom_margin=&#8221;||30px|400px|false|false&#8221; custom_padding=&#8221;70px||0px||false|false&#8221; animation=&#8221;off&#8221; custom_css_blurb_title=&#8221;font-weight: 800;||border-style: solid;||border-color: #aeafaf;||border-left-width: 1px;||padding: 0px 0px 1px 15px;||\/*margin-left: 0px;*\/||&#8221; use_border_color=&#8221;off&#8221; border_color=&#8221;#ffffff&#8221; border_style=&#8221;solid&#8221; image_max_width=&#8221;none&#8221; icon_font_size=&#8221;34&#8243; icon_font_size_tablet=&#8221;&#8221; icon_font_size_phone=&#8221;28&#8243; icon_font_size_last_edited=&#8221;on|phone&#8221; use_circle=&#8221;off&#8221; use_circle_border=&#8221;off&#8221; circle_border_color=&#8221;#fcbf00&#8243; circle_color=&#8221;#ffffff&#8221; global_colors_info=&#8221;{}&#8221;][\/et_pb_blurb][\/et_pb_column][\/et_pb_row][et_pb_row column_structure=&#8221;1_3,1_3,1_3&#8243; _builder_version=&#8221;4.27.6&#8243; _module_preset=&#8221;default&#8221; width=&#8221;100%&#8221; global_colors_info=&#8221;{}&#8221;][et_pb_column type=&#8221;1_3&#8243; _builder_version=&#8221;4.27.5&#8243; _module_preset=&#8221;default&#8221; global_colors_info=&#8221;{}&#8221;][et_pb_image src=&#8221;https:\/\/gwqualitypath2070.hgi-cgs.hr\/wp-content\/uploads\/2026\/04\/znak400.jpg&#8221; title_text=&#8221;znak400&#8243; url=&#8221;https:\/\/www.hgi-cgs.hr&#8221; align=&#8221;center&#8221; _builder_version=&#8221;4.27.6&#8243; _module_preset=&#8221;default&#8221; width=&#8221;80%&#8221; global_colors_info=&#8221;{}&#8221;][\/et_pb_image][\/et_pb_column][et_pb_column type=&#8221;1_3&#8243; _builder_version=&#8221;4.27.5&#8243; _module_preset=&#8221;default&#8221; global_colors_info=&#8221;{}&#8221;][et_pb_image src=&#8221;https:\/\/gwqualitypath2070.hgi-cgs.hr\/wp-content\/uploads\/2026\/04\/gslo.jpg&#8221; title_text=&#8221;gslo&#8221; url=&#8221;https:\/\/www.geo-zs.si\/&#8221; align=&#8221;center&#8221; _builder_version=&#8221;4.27.6&#8243; _module_preset=&#8221;default&#8221; width=&#8221;90%&#8221; custom_margin=&#8221;0px||||false|false&#8221; global_colors_info=&#8221;{}&#8221;][\/et_pb_image][\/et_pb_column][et_pb_column type=&#8221;1_3&#8243; _builder_version=&#8221;4.27.5&#8243; _module_preset=&#8221;default&#8221; global_colors_info=&#8221;{}&#8221;][et_pb_image src=&#8221;https:\/\/gwqualitypath2070.hgi-cgs.hr\/wp-content\/uploads\/2026\/04\/hrzz.jpg&#8221; title_text=&#8221;hrzz&#8221; url=&#8221;https:\/\/hrzz.hr\/&#8221; align=&#8221;center&#8221; _builder_version=&#8221;4.27.6&#8243; _module_preset=&#8221;default&#8221; custom_margin=&#8221;0px||||false|false&#8221; global_colors_info=&#8221;{}&#8221;][\/et_pb_image][\/et_pb_column][\/et_pb_row][\/et_pb_section]<\/p>\n","protected":false},"excerpt":{"rendered":"<p>GWQualityPath2070: Impact of climate change, land use and agricultural practice changes on the occurrence and fate of contaminants in the Sava transboundary aquifer (Utjecaj klimatskih promjena, promjena kori\u0161tenja zemlji\u0161ta i poljoprivredne prakse na pojavu i sudbinu one\u010di\u0161\u0107ivala u savskom prekograni\u010dnom vodonosniku)<\/p>\n","protected":false},"author":1,"featured_media":0,"parent":0,"menu_order":0,"comment_status":"closed","ping_status":"closed","template":"","meta":{"_et_pb_use_builder":"on","_et_pb_old_content":"","_et_gb_content_width":"","footnotes":""},"class_list":["post-9","page","type-page","status-publish","hentry"],"_links":{"self":[{"href":"https:\/\/gwqualitypath2070.hgi-cgs.hr\/index.php\/wp-json\/wp\/v2\/pages\/9","targetHints":{"allow":["GET"]}}],"collection":[{"href":"https:\/\/gwqualitypath2070.hgi-cgs.hr\/index.php\/wp-json\/wp\/v2\/pages"}],"about":[{"href":"https:\/\/gwqualitypath2070.hgi-cgs.hr\/index.php\/wp-json\/wp\/v2\/types\/page"}],"author":[{"embeddable":true,"href":"https:\/\/gwqualitypath2070.hgi-cgs.hr\/index.php\/wp-json\/wp\/v2\/users\/1"}],"replies":[{"embeddable":true,"href":"https:\/\/gwqualitypath2070.hgi-cgs.hr\/index.php\/wp-json\/wp\/v2\/comments?post=9"}],"version-history":[{"count":4,"href":"https:\/\/gwqualitypath2070.hgi-cgs.hr\/index.php\/wp-json\/wp\/v2\/pages\/9\/revisions"}],"predecessor-version":[{"id":110,"href":"https:\/\/gwqualitypath2070.hgi-cgs.hr\/index.php\/wp-json\/wp\/v2\/pages\/9\/revisions\/110"}],"wp:attachment":[{"href":"https:\/\/gwqualitypath2070.hgi-cgs.hr\/index.php\/wp-json\/wp\/v2\/media?parent=9"}],"curies":[{"name":"wp","href":"https:\/\/api.w.org\/{rel}","templated":true}]}}