{"id":43,"date":"2026-04-20T15:02:55","date_gmt":"2026-04-20T13:02:55","guid":{"rendered":"https:\/\/gwqualitypath2070.hgi-cgs.hr\/?page_id=43"},"modified":"2026-04-21T08:45:05","modified_gmt":"2026-04-21T06:45:05","slug":"o-projektu","status":"publish","type":"page","link":"https:\/\/gwqualitypath2070.hgi-cgs.hr\/index.php\/o-projektu\/","title":{"rendered":"O projektu"},"content":{"rendered":"<p>[et_pb_section fb_built=&#8221;1&#8243; custom_padding_last_edited=&#8221;on|desktop&#8221; admin_label=&#8221;Hero Section&#8221; module_id=&#8221;dotover&#8221; _builder_version=&#8221;4.27.6&#8243; background_color=&#8221;#ffffff&#8221; background_image=&#8221;https:\/\/gwqualitypath2070.hgi-cgs.hr\/wp-content\/uploads\/2026\/04\/cover_bez-teksta-scaled.png&#8221; min_height=&#8221;500px&#8221; custom_margin=&#8221;||200px||false|false&#8221; custom_padding_tablet=&#8221;50px|0|50px|0&#8243; custom_padding_phone=&#8221;&#8221; hover_enabled=&#8221;0&#8243; custom_css_after=&#8221;content: %22%22;||background: url(&#8216;https:\/\/www.infiniteimagination.com.au\/business\/wp-content\/uploads\/2016\/09\/texture.png&#8217;) repeat;||top: 0;||left: 0;||bottom: 0;||right: 0;||position: absolute;||z-index: 1;||&#8221; transparent_background=&#8221;off&#8221; padding_mobile=&#8221;off&#8221; make_fullwidth=&#8221;off&#8221; use_custom_width=&#8221;off&#8221; width_unit=&#8221;on&#8221; collapsed=&#8221;on&#8221; global_colors_info=&#8221;{}&#8221; height=&#8221;710px&#8221; sticky_enabled=&#8221;0&#8243;][\/et_pb_section][et_pb_section fb_built=&#8221;1&#8243; custom_padding_last_edited=&#8221;on|desktop&#8221; admin_label=&#8221;Section&#8221; module_id=&#8221;next&#8221; _builder_version=&#8221;4.27.4&#8243; background_color=&#8221;#ffffff&#8221; parallax=&#8221;on&#8221; parallax_method=&#8221;off&#8221; custom_margin=&#8221;-148px||||false|false&#8221; custom_padding=&#8221;21px||0px|||&#8221; custom_padding_tablet=&#8221;50px|0|50px|0&#8243; custom_padding_phone=&#8221;&#8221; transparent_background=&#8221;off&#8221; padding_mobile=&#8221;off&#8221; make_fullwidth=&#8221;off&#8221; use_custom_width=&#8221;off&#8221; width_unit=&#8221;on&#8221; collapsed=&#8221;on&#8221; global_colors_info=&#8221;{}&#8221;][et_pb_row admin_label=&#8221;Row&#8221; _builder_version=&#8221;4.16&#8243; background_size=&#8221;initial&#8221; background_position=&#8221;top_left&#8221; background_repeat=&#8221;repeat&#8221; custom_margin=&#8221;-60px|auto||auto||&#8221; custom_padding=&#8221;9px|||||&#8221; global_colors_info=&#8221;{}&#8221;][et_pb_column type=&#8221;4_4&#8243; _builder_version=&#8221;4.16&#8243; custom_padding=&#8221;|||&#8221; global_colors_info=&#8221;{}&#8221; custom_padding__hover=&#8221;|||&#8221;][et_pb_image src=&#8221;https:\/\/gwqualitypath2070.hgi-cgs.hr\/wp-content\/uploads\/2026\/04\/Logo_GWQualityPath2070_manji_300.png&#8221; title_text=&#8221;Logo_GWQualityPath2070_manji_300&#8243; align=&#8221;center&#8221; _builder_version=&#8221;4.27.6&#8243; _module_preset=&#8221;default&#8221; width=&#8221;50%&#8221; custom_margin=&#8221;43px||40px|||&#8221; global_colors_info=&#8221;{}&#8221;][\/et_pb_image][et_pb_text _builder_version=&#8221;4.27.6&#8243; _module_preset=&#8221;default&#8221; custom_margin=&#8221;25px|||||&#8221; hover_enabled=&#8221;0&#8243; global_colors_info=&#8221;{}&#8221; sticky_enabled=&#8221;0&#8243; text_line_height=&#8221;1.9em&#8221;]<\/p>\n<p>Podzemna voda je iznimno va\u017ean izvor pitke vode, vode za navodnjavanje i industrijsku uporabu. Zato je o\u010duvanje dobrog koli\u010dinskog stanja i stanja kakvo\u0107e podzemne vode od velike va\u017enosti za dobrobit dru\u0161tva i gospodarski razvoj. Ipak, razli\u010dita one\u010di\u0161\u0107ivala, uklju\u010duju\u0107i hranjive tvari s poljoprivrednih povr\u0161ina i druga, tzv. nova one\u010di\u0161\u0107ivala (eng. emerging contaminants), ulaze u vodonosni sustav i one\u010di\u0161\u0107uju podzemne vode uslijed razli\u010ditih antropogenih aktivnosti. Unato\u010d ulo\u017eenim naporima sprje\u010davanja one\u010di\u0161\u0107enja okoli\u0161a, naru\u0161eno stanje kakvo\u0107e podzemnih voda ostalo je nerije\u0161eno u mnogim slu\u010dajevima a velika je nepoznanica kako \u0107e kako \u0107e se postoje\u0107a situacija razvijati u budu\u0107nosti pod utjecajem klimatskih promjena.<\/p>\n<p>Osnovni cilj GWQualityPath2070 projekta je pove\u0107ati razumijevanje sudbine one\u010di\u0161\u0107uju\u0107ih tvari poljoprivrednog podrijetla u prekograni\u010dnom savskom vodonosnom sustavu, koji se prote\u017ee od Kr\u0161kog do Zagreba. Specifi\u010dni ciljevi projekta su: a) identificirati glavne izvore nitrata i pesticida u podzemnim vodama, b) istra\u017eiti mjere za zaustavljanje i preokretanje trenda one\u010di\u0161\u0107enja podzemnih voda uslijed poljoprivredne aktivnosti te razviti metodologiju za u\u010dinkovitu evaluaciju provedenih mjera, c) unaprijediti postoje\u0107i model obnavljanja podzemnih voda, d) procijeniti optere\u0107enje podzemnih voda du\u0161ikom i pesticidima s poljoprivrednih povr\u0161ina te istra\u017eiti razvoj nitrata u vodonosniku, e) procijeniti utjecaj na\u010dina kori\u0161tenja zemlji\u0161ta i klimatskih promjena na dinamiku i kakvo\u0107u podzemnih voda i f) identificirati glavne izvore nesigurnosti povezane s procjenom utjecaja klimatskih promjena na koli\u010dinsko stanje i stanje kakvo\u0107e podzemne vode.<\/p>\n<p>Rezultati ovog projekta pru\u017eit \u0107e nove uvide u pronos one\u010di\u0161\u0107ivala kroz prekograni\u010dni savski aluvijalni vodonosnik izme\u0111u Slovenije i Hrvatske. Tako\u0111er, pridonijet \u0107e procjeni rizika od one\u010di\u0161\u0107enja du\u0161ikom i omogu\u0107iti procjenu njegovih dugoro\u010dnih trendova u podzemnim vodama.<\/p>\n<p>[\/et_pb_text][et_pb_image src=&#8221;https:\/\/gwqualitypath2070.hgi-cgs.hr\/wp-content\/uploads\/2026\/04\/cover_crop_web-scaled.png&#8221; _builder_version=&#8221;4.27.6&#8243; _module_preset=&#8221;default&#8221; title_text=&#8221;cover_crop_web&#8221; width=&#8221;85%&#8221; align=&#8221;center&#8221; border_radii=&#8221;on|5px|5px|5px|5px&#8221; hover_enabled=&#8221;0&#8243; sticky_enabled=&#8221;0&#8243;][\/et_pb_image][\/et_pb_column][\/et_pb_row][\/et_pb_section][et_pb_section fb_built=&#8221;1&#8243; custom_padding_last_edited=&#8221;on|desktop&#8221; disabled_on=&#8221;off|off|off&#8221; admin_label=&#8221;Testimonials&#8221; _builder_version=&#8221;4.16&#8243; background_color=&#8221;#ffffff&#8221; custom_padding=&#8221;38px|||||&#8221; custom_padding_tablet=&#8221;50px|0|50px|0&#8243; custom_padding_phone=&#8221;&#8221; custom_css_main_element=&#8221;border-bottom: 1px solid #D7DCE1;&#8221; transparent_background=&#8221;off&#8221; padding_mobile=&#8221;off&#8221; make_fullwidth=&#8221;off&#8221; use_custom_width=&#8221;off&#8221; width_unit=&#8221;on&#8221; collapsed=&#8221;on&#8221; global_colors_info=&#8221;{}&#8221;][\/et_pb_section]<\/p>\n","protected":false},"excerpt":{"rendered":"<p>Podzemna voda je iznimno va\u017ean izvor pitke vode, vode za navodnjavanje i industrijsku uporabu. Zato je o\u010duvanje dobrog koli\u010dinskog stanja i stanja kakvo\u0107e podzemne vode od velike va\u017enosti za dobrobit dru\u0161tva i gospodarski razvoj. Ipak, razli\u010dita one\u010di\u0161\u0107ivala, uklju\u010duju\u0107i hranjive tvari s poljoprivrednih povr\u0161ina i druga, tzv. nova one\u010di\u0161\u0107ivala (eng. emerging contaminants), ulaze u vodonosni sustav [&hellip;]<\/p>\n","protected":false},"author":1,"featured_media":0,"parent":0,"menu_order":0,"comment_status":"closed","ping_status":"closed","template":"","meta":{"_et_pb_use_builder":"on","_et_pb_old_content":"","_et_gb_content_width":"","footnotes":""},"class_list":["post-43","page","type-page","status-publish","hentry"],"_links":{"self":[{"href":"https:\/\/gwqualitypath2070.hgi-cgs.hr\/index.php\/wp-json\/wp\/v2\/pages\/43","targetHints":{"allow":["GET"]}}],"collection":[{"href":"https:\/\/gwqualitypath2070.hgi-cgs.hr\/index.php\/wp-json\/wp\/v2\/pages"}],"about":[{"href":"https:\/\/gwqualitypath2070.hgi-cgs.hr\/index.php\/wp-json\/wp\/v2\/types\/page"}],"author":[{"embeddable":true,"href":"https:\/\/gwqualitypath2070.hgi-cgs.hr\/index.php\/wp-json\/wp\/v2\/users\/1"}],"replies":[{"embeddable":true,"href":"https:\/\/gwqualitypath2070.hgi-cgs.hr\/index.php\/wp-json\/wp\/v2\/comments?post=43"}],"version-history":[{"count":7,"href":"https:\/\/gwqualitypath2070.hgi-cgs.hr\/index.php\/wp-json\/wp\/v2\/pages\/43\/revisions"}],"predecessor-version":[{"id":107,"href":"https:\/\/gwqualitypath2070.hgi-cgs.hr\/index.php\/wp-json\/wp\/v2\/pages\/43\/revisions\/107"}],"wp:attachment":[{"href":"https:\/\/gwqualitypath2070.hgi-cgs.hr\/index.php\/wp-json\/wp\/v2\/media?parent=43"}],"curies":[{"name":"wp","href":"https:\/\/api.w.org\/{rel}","templated":true}]}}